{"id":59,"date":"2018-04-28T19:37:02","date_gmt":"2018-04-28T19:37:02","guid":{"rendered":"http:\/\/wl.com.br\/site\/?page_id=59"},"modified":"2018-04-28T19:37:02","modified_gmt":"2018-04-28T19:37:02","slug":"a-empresa","status":"publish","type":"page","link":"https:\/\/wl.com.br\/site\/a-empresa\/","title":{"rendered":"A Empresa"},"content":{"rendered":"<p>[et_pb_section fb_built=&#8221;1&#8243; fullwidth=&#8221;on&#8221; _builder_version=&#8221;3.2&#8243;][et_pb_fullwidth_header title=&#8221;WebLink Tecnologia&#8221; _builder_version=&#8221;3.2&#8243; background_color=&#8221;#0c71c3&#8243;][\/et_pb_fullwidth_header][\/et_pb_section][et_pb_section fb_built=&#8221;1&#8243; _builder_version=&#8221;3.0.47&#8243;][et_pb_row _builder_version=&#8221;3.0.47&#8243; background_size=&#8221;initial&#8221; background_position=&#8221;top_left&#8221; background_repeat=&#8221;repeat&#8221;][et_pb_column type=&#8221;4_4&#8243; _builder_version=&#8221;3.0.47&#8243; parallax=&#8221;off&#8221; parallax_method=&#8221;on&#8221;][et_pb_text _builder_version=&#8221;3.2&#8243;]A WebLink Tecnologia \u00e9 uma das primeiras empresas a se instalar no pa\u00eds com o objetivo de desenvolver e implantar sistemas para a Internet. Temos como miss\u00e3o &#8220;Criar ferramentas de comunica\u00e7\u00e3o digital e avan\u00e7os t\u00e9cnicos para o bem-estar das empresas e seus clientes.&#8221; H\u00e1 20 anos quando a Internet ainda era conversa sobre o futuro, n\u00f3s j\u00e1 v\u00edamos o potencial dela e decidimos criar a WebLink Tecnologia. Hoje n\u00f3s somos parceiros Microsoft de desenvolvimento, somos apresentados aos melhores softwares antes mesmo que eles estejam no mercado, logo, estamos sempre atualizados para os novos recursos que o mesmo apresenta. Com o passar desses anos desenvolvemos conhecimento t\u00e9cnico que nos permite desenvolver rapidamente e com efici\u00eancia.<br \/>\n[\/et_pb_text][\/et_pb_column][\/et_pb_row][\/et_pb_section][et_pb_section fb_built=&#8221;1&#8243; _builder_version=&#8221;3.2&#8243; background_color=&#8221;#084D84&#8243; global_module=&#8221;56&#8243;][et_pb_row _builder_version=&#8221;3.2&#8243;][et_pb_column type=&#8221;1_4&#8243; _builder_version=&#8221;3.2&#8243; parallax=&#8221;off&#8221; parallax_method=&#8221;on&#8221;][et_pb_text _builder_version=&#8221;3.2&#8243; text_font=&#8221;||||||||&#8221; text_text_color=&#8221;#ffffff&#8221;]<\/p>\n<p>Pelo n\u00famero:<br \/>+55 (61) 3327-3015<br \/>+55 (61) 3701-5067<\/p>\n<p>[\/et_pb_text][\/et_pb_column][et_pb_column type=&#8221;1_4&#8243; _builder_version=&#8221;3.2&#8243; parallax=&#8221;off&#8221; parallax_method=&#8221;on&#8221;][et_pb_text _builder_version=&#8221;3.2&#8243; text_font=&#8221;||||||||&#8221; text_text_color=&#8221;#ffffff&#8221;]<\/p>\n<p><span>Endere\u00e7o:<\/span><br \/><span>SHIN QL15 Conjunto 3 Casa 15<\/span><br \/><span>Lago Norte<\/span><br \/><span>CEP 71535-235<\/span><br \/><span>Bras\u00edlia-DF<\/span><\/p>\n<p>[\/et_pb_text][\/et_pb_column][et_pb_column type=&#8221;1_4&#8243; _builder_version=&#8221;3.2&#8243; parallax=&#8221;off&#8221; parallax_method=&#8221;on&#8221;][\/et_pb_column][et_pb_column type=&#8221;1_4&#8243; _builder_version=&#8221;3.2&#8243; parallax=&#8221;off&#8221; parallax_method=&#8221;on&#8221;][et_pb_image src=&#8221;http:\/\/wl.com.br\/site\/wp-content\/uploads\/2018\/04\/logo_negativo-1-1.png&#8221; _builder_version=&#8221;3.2&#8243;][\/et_pb_image][\/et_pb_column][\/et_pb_row][\/et_pb_section]<\/p>\n","protected":false},"excerpt":{"rendered":"<p>A WebLink Tecnologia \u00e9 uma das primeiras empresas a se instalar no pa\u00eds com o objetivo de desenvolver e implantar sistemas para a Internet. Temos como miss\u00e3o &#8220;Criar ferramentas de comunica\u00e7\u00e3o digital e avan\u00e7os t\u00e9cnicos para o bem-estar das empresas e seus clientes.&#8221; H\u00e1 20 anos quando a Internet ainda era conversa sobre o futuro, [&hellip;]<\/p>\n","protected":false},"author":1,"featured_media":0,"parent":0,"menu_order":0,"comment_status":"closed","ping_status":"closed","template":"","meta":{"_et_pb_use_builder":"on","_et_pb_old_content":"","_et_gb_content_width":"","footnotes":""},"_links":{"self":[{"href":"https:\/\/wl.com.br\/site\/wp-json\/wp\/v2\/pages\/59"}],"collection":[{"href":"https:\/\/wl.com.br\/site\/wp-json\/wp\/v2\/pages"}],"about":[{"href":"https:\/\/wl.com.br\/site\/wp-json\/wp\/v2\/types\/page"}],"author":[{"embeddable":true,"href":"https:\/\/wl.com.br\/site\/wp-json\/wp\/v2\/users\/1"}],"replies":[{"embeddable":true,"href":"https:\/\/wl.com.br\/site\/wp-json\/wp\/v2\/comments?post=59"}],"version-history":[{"count":0,"href":"https:\/\/wl.com.br\/site\/wp-json\/wp\/v2\/pages\/59\/revisions"}],"wp:attachment":[{"href":"https:\/\/wl.com.br\/site\/wp-json\/wp\/v2\/media?parent=59"}],"curies":[{"name":"wp","href":"https:\/\/api.w.org\/{rel}","templated":true}]}}