{"id":70,"date":"2016-05-10T03:48:21","date_gmt":"2016-05-10T03:48:21","guid":{"rendered":"http:\/\/wl.com.br\/site\/?page_id=2"},"modified":"2020-06-30T15:33:59","modified_gmt":"2020-06-30T18:33:59","slug":"sample-page","status":"publish","type":"page","link":"https:\/\/wl.com.br\/site\/","title":{"rendered":"Inicial"},"content":{"rendered":"<p>[et_pb_section fb_built=&#8221;1&#8243; _builder_version=&#8221;3.22&#8243; background_color=&#8221;#0c71c3&#8243; custom_padding=&#8221;22px|0px|22px|0px|true|false&#8221;][et_pb_row _builder_version=&#8221;3.25&#8243; background_size=&#8221;initial&#8221; background_position=&#8221;top_left&#8221; background_repeat=&#8221;repeat&#8221;][et_pb_column type=&#8221;4_4&#8243; _builder_version=&#8221;3.25&#8243; custom_padding=&#8221;|||&#8221; custom_padding__hover=&#8221;|||&#8221;][et_pb_text _builder_version=&#8221;3.27.4&#8243; text_text_color=&#8221;#ffffff&#8221; text_font_size=&#8221;15px&#8221; text_line_height=&#8221;2.2em&#8221;]<\/p>\n<h1 style=\"text-align: center;\"><span style=\"color: #ffffff;\">Solu\u00e7\u00f5es Corporativas.<\/span><\/h1>\n<h1 style=\"text-align: center;\"><span style=\"color: #ffffff;\">Sites e sistemas para Web e Mobile<\/span><\/h1>\n<h3 style=\"text-align: center;\"><span style=\"color: #ffffff;\">Cria\u00e7\u00e3o de fant\u00e1sticas ferramentas de produtividade para o dia a dia da sua empresa.<\/span><\/h3>\n<p>[\/et_pb_text][et_pb_image src=&#8221;https:\/\/wl.com.br\/site\/wp-content\/uploads\/2018\/04\/wl_v2_bloco_solucoes-1.png&#8221; align=&#8221;center&#8221; align_tablet=&#8221;center&#8221; align_last_edited=&#8221;on|desktop&#8221; _builder_version=&#8221;4.4.8&#8243; hover_enabled=&#8221;0&#8243; title_text=&#8221;wl_v2_bloco_solucoes&#8221;][\/et_pb_image][\/et_pb_column][\/et_pb_row][\/et_pb_section][et_pb_section fb_built=&#8221;1&#8243; _builder_version=&#8221;3.22&#8243; background_color=&#8221;#f2f2f2&#8243; custom_padding=&#8221;19px|0px|0|0px|false|false&#8221;][et_pb_row _builder_version=&#8221;3.25&#8243; background_size=&#8221;initial&#8221; background_position=&#8221;top_left&#8221; background_repeat=&#8221;repeat&#8221; custom_padding=&#8221;17px|0px|11px|0px|false|false&#8221;][et_pb_column type=&#8221;4_4&#8243; _builder_version=&#8221;3.25&#8243; custom_padding=&#8221;|||&#8221; custom_padding__hover=&#8221;|||&#8221;][et_pb_text _builder_version=&#8221;3.27.4&#8243;]<\/p>\n<h1 style=\"text-align: center;\">Servi\u00e7os<\/h1>\n<p>[\/et_pb_text][\/et_pb_column][\/et_pb_row][et_pb_row _builder_version=&#8221;3.25&#8243; background_size=&#8221;initial&#8221; background_position=&#8221;top_left&#8221; background_repeat=&#8221;repeat&#8221; custom_margin=&#8221;||||false&#8221; custom_padding=&#8221;1px|0px|27px|0px|false|false&#8221; column_structure=&#8221;1_4,1_4,1_4,1_4&#8243;][et_pb_column type=&#8221;1_4&#8243; _builder_version=&#8221;3.25&#8243; custom_padding=&#8221;|||&#8221; custom_padding__hover=&#8221;|||&#8221;][et_pb_blurb title=&#8221;WebDesign&#8221; use_icon=&#8221;on&#8221; font_icon=&#8221;%%107%%&#8221; icon_color=&#8221;#ffffff&#8221; use_circle=&#8221;on&#8221; circle_color=&#8221;#004a8e&#8221; content_max_width=&#8221;679px&#8221; _builder_version=&#8221;3.2&#8243; background_color=&#8221;#ffffff&#8221; text_orientation=&#8221;center&#8221; custom_padding=&#8221;26px|16px|26px|16px|true|true&#8221;]Cria\u00e7\u00e3o de interfaces belas\u00a0e eficientes, para seu sistema\u00a0e portal[\/et_pb_blurb][\/et_pb_column][et_pb_column type=&#8221;1_4&#8243; _builder_version=&#8221;3.25&#8243; custom_padding=&#8221;|||&#8221; custom_padding__hover=&#8221;|||&#8221;][et_pb_blurb title=&#8221;Novos desenvolvimentos&#8221; use_icon=&#8221;on&#8221; font_icon=&#8221;%%158%%&#8221; icon_color=&#8221;#ffffff&#8221; use_circle=&#8221;on&#8221; circle_color=&#8221;#008e49&#8243; _builder_version=&#8221;3.2&#8243; background_color=&#8221;#ffffff&#8221; text_orientation=&#8221;center&#8221; custom_padding=&#8221;26px|16px|26px|16px|true|true&#8221;]Cria\u00e7\u00e3o de ferramentas de\u00a0produtividade para sua\u00a0empresa e seus clientes[\/et_pb_blurb][\/et_pb_column][et_pb_column type=&#8221;1_4&#8243; _builder_version=&#8221;3.25&#8243; custom_padding=&#8221;|||&#8221; custom_padding__hover=&#8221;|||&#8221;][et_pb_blurb title=&#8221;SEO\/Acessibilidade&#8221; use_icon=&#8221;on&#8221; font_icon=&#8221;%%137%%&#8221; icon_color=&#8221;#ffffff&#8221; use_circle=&#8221;on&#8221; circle_color=&#8221;#8f0000&#8243; _builder_version=&#8221;3.2&#8243; background_color=&#8221;#ffffff&#8221; text_orientation=&#8221;center&#8221; custom_padding=&#8221;26px|16px|26px|16px|true|true&#8221;]Se n\u00e3o est\u00e1 no Google\u00a0voc\u00ea n\u00e3o existe.\u00a0Portais acess\u00edveis para os\u00a0mecanismos de busca[\/et_pb_blurb][\/et_pb_column][et_pb_column type=&#8221;1_4&#8243; _builder_version=&#8221;3.25&#8243; custom_padding=&#8221;|||&#8221; custom_padding__hover=&#8221;|||&#8221;][et_pb_blurb title=&#8221;WebDesign&#8221; use_icon=&#8221;on&#8221; font_icon=&#8221;%%104%%&#8221; icon_color=&#8221;#ffffff&#8221; use_circle=&#8221;on&#8221; circle_color=&#8221;#658f00&#8243; _builder_version=&#8221;3.2&#8243; background_color=&#8221;#ffffff&#8221; text_orientation=&#8221;center&#8221; custom_padding=&#8221;26px|16px|26px|16px|true|true&#8221;]Cria\u00e7\u00e3o de interfaces belas\u00a0e eficientes, para seu sistema\u00a0e portal[\/et_pb_blurb][\/et_pb_column][\/et_pb_row][\/et_pb_section][et_pb_section fb_built=&#8221;1&#8243; _builder_version=&#8221;3.22&#8243; custom_padding=&#8221;26px|0px|54px|0px|false|false&#8221;][et_pb_row _builder_version=&#8221;3.25&#8243; background_size=&#8221;initial&#8221; background_position=&#8221;top_left&#8221; background_repeat=&#8221;repeat&#8221; column_structure=&#8221;3_4,1_4&#8243;][et_pb_column type=&#8221;3_4&#8243; _builder_version=&#8221;3.25&#8243; custom_padding=&#8221;|||&#8221; custom_padding__hover=&#8221;|||&#8221;][et_pb_text _builder_version=&#8221;3.27.4&#8243; text_font=&#8221;||||||||&#8221; text_line_height=&#8221;3em&#8221; header_font=&#8221;||||||||&#8221; max_width=&#8221;74%&#8221;]<\/p>\n<h2>Funcione pela internet em qualquer lugar, a qualquer tempo<\/h2>\n<p>Ter o sistema da sua empresa na Internet significa poder trabalhar de casa, viajando, no escrit\u00f3rio, pelo telefone e tablets. Agilidade e acessibilidade s\u00e3o mais opcionais nas empresas. Resolva as pend\u00eancias o tempo que surgem, mesmo que esteja fora do trabalho.[\/et_pb_text][\/et_pb_column][et_pb_column type=&#8221;1_4&#8243; _builder_version=&#8221;3.25&#8243; custom_padding=&#8221;|||&#8221; custom_padding__hover=&#8221;|||&#8221;][et_pb_image src=&#8221;https:\/\/wl.com.br\/site\/wp-content\/uploads\/2018\/04\/wl_v2_bloco_funcione-1.png&#8221; align_tablet=&#8221;center&#8221; align_last_edited=&#8221;on|desktop&#8221; _builder_version=&#8221;4.4.8&#8243; hover_enabled=&#8221;0&#8243; title_text=&#8221;wl_v2_bloco_funcione&#8221;][\/et_pb_image][\/et_pb_column][\/et_pb_row][\/et_pb_section][et_pb_section fb_built=&#8221;1&#8243; _builder_version=&#8221;3.22&#8243; background_color=&#8221;#1664ba&#8221; custom_padding=&#8221;12px|0px|54px|0px|false|false&#8221;][et_pb_row _builder_version=&#8221;3.25&#8243; background_size=&#8221;initial&#8221; background_position=&#8221;top_left&#8221; background_repeat=&#8221;repeat&#8221; custom_padding=&#8221;20px|0px|8px|0px|false|false&#8221;][et_pb_column type=&#8221;4_4&#8243; _builder_version=&#8221;3.25&#8243; custom_padding=&#8221;|||&#8221; custom_padding__hover=&#8221;|||&#8221;][et_pb_text _builder_version=&#8221;3.27.4&#8243; text_text_color=&#8221;#ffffff&#8221;]<\/p>\n<h2 style=\"text-align: center;\"><span style=\"color: #ffffff;\">Conhe\u00e7a algumas de nossas solu\u00e7\u00f5es prontas<\/span><\/h2>\n<p>[\/et_pb_text][\/et_pb_column][\/et_pb_row][et_pb_row _builder_version=&#8221;3.25&#8243; background_size=&#8221;initial&#8221; background_position=&#8221;top_left&#8221; background_repeat=&#8221;repeat&#8221; column_structure=&#8221;1_2,1_2&#8243;][et_pb_column type=&#8221;1_2&#8243; _builder_version=&#8221;3.25&#8243; custom_padding=&#8221;|||&#8221; custom_padding__hover=&#8221;|||&#8221;][et_pb_blurb title=&#8221;Ouvidoria WL&#8221; use_icon=&#8221;on&#8221; font_icon=&#8221;%%86%%&#8221; icon_color=&#8221;#e02b20&#8243; icon_placement=&#8221;left&#8221; use_icon_font_size=&#8221;on&#8221; icon_font_size=&#8221;115px&#8221; _builder_version=&#8221;3.2&#8243; background_color=&#8221;#ffffff&#8221; text_orientation=&#8221;center&#8221; custom_padding=&#8221;25px|29px|25px|29px|true|true&#8221; border_radii=&#8221;on|2px|2px|2px|2px&#8221;]<\/p>\n<p><span>sistema de ouvidoria para tratamento completo das manifesta\u00e7\u00f5es.<\/span><\/p>\n<p>[\/et_pb_blurb][\/et_pb_column][et_pb_column type=&#8221;1_2&#8243; _builder_version=&#8221;3.25&#8243; custom_padding=&#8221;|||&#8221; custom_padding__hover=&#8221;|||&#8221;][et_pb_blurb title=&#8221;Preg\u00e3oNet&#8221; use_icon=&#8221;on&#8221; font_icon=&#8221;%%168%%&#8221; icon_color=&#8221;#e02b20&#8243; icon_placement=&#8221;left&#8221; use_icon_font_size=&#8221;on&#8221; icon_font_size=&#8221;115px&#8221; _builder_version=&#8221;3.2&#8243; background_color=&#8221;#ffffff&#8221; text_orientation=&#8221;center&#8221; custom_padding=&#8221;25px|29px|25px|29px|true|true&#8221; border_radii=&#8221;on|2px|2px|2px|2px&#8221;]<\/p>\n<p><span>Sistema para Preg\u00e3o Presencial, com equaliza\u00e7\u00e3o autom\u00e1tica de lances, gera\u00e7\u00e3o de atas e hist\u00f3rico<\/span><\/p>\n<p>[\/et_pb_blurb][\/et_pb_column][\/et_pb_row][\/et_pb_section][et_pb_section fb_built=&#8221;1&#8243; _builder_version=&#8221;3.22&#8243; custom_padding=&#8221;25px|0px|0|0px|false|false&#8221;][et_pb_row _builder_version=&#8221;3.25&#8243; background_size=&#8221;initial&#8221; background_position=&#8221;top_left&#8221; background_repeat=&#8221;repeat&#8221; custom_padding=&#8221;0|0px|0|0px|false|false&#8221;][et_pb_column type=&#8221;4_4&#8243; _builder_version=&#8221;3.25&#8243; custom_padding=&#8221;|||&#8221; custom_padding__hover=&#8221;|||&#8221;][et_pb_text _builder_version=&#8221;3.27.4&#8243;]<\/p>\n<h2 style=\"text-align: center;\">Hall de Clientes<\/h2>\n<p>[\/et_pb_text][et_pb_image src=&#8221;https:\/\/wl.com.br\/site\/wp-content\/uploads\/2018\/04\/wl_v2_logo_clientes-2-1.png&#8221; align=&#8221;center&#8221; align_tablet=&#8221;center&#8221; align_last_edited=&#8221;on|desktop&#8221; _builder_version=&#8221;4.4.8&#8243; hover_enabled=&#8221;0&#8243; title_text=&#8221;wl_v2_logo_clientes (2)&#8221;][\/et_pb_image][\/et_pb_column][\/et_pb_row][\/et_pb_section][et_pb_section fb_built=&#8221;1&#8243; _builder_version=&#8221;3.22&#8243; background_color=&#8221;#084D84&#8243; saved_tabs=&#8221;all&#8221;][et_pb_row _builder_version=&#8221;3.25&#8243; column_structure=&#8221;1_4,1_4,1_4,1_4&#8243;][et_pb_column type=&#8221;1_4&#8243; _builder_version=&#8221;3.25&#8243; custom_padding=&#8221;|||&#8221; custom_padding__hover=&#8221;|||&#8221;][et_pb_text _builder_version=&#8221;3.27.4&#8243; text_text_color=&#8221;#ffffff&#8221;]<\/p>\n<p>Pelo n\u00famero:<br \/>+55 (61) 3327-3015<\/p>\n<p>[\/et_pb_text][\/et_pb_column][et_pb_column type=&#8221;1_4&#8243; _builder_version=&#8221;3.25&#8243; custom_padding=&#8221;|||&#8221; custom_padding__hover=&#8221;|||&#8221;][et_pb_text _builder_version=&#8221;3.27.4&#8243; text_font=&#8221;||||||||&#8221; text_text_color=&#8221;#ffffff&#8221;]<\/p>\n<p>Endere\u00e7o:<br \/>SHIN QL15 Conjunto 3 N\u00famero 15<br \/>Lago Norte<br \/>CEP 71535-235<br \/>Bras\u00edlia-DF<\/p>\n<p>[\/et_pb_text][\/et_pb_column][et_pb_column type=&#8221;1_4&#8243; _builder_version=&#8221;3.25&#8243; custom_padding=&#8221;|||&#8221; custom_padding__hover=&#8221;|||&#8221;][\/et_pb_column][et_pb_column type=&#8221;1_4&#8243; _builder_version=&#8221;3.25&#8243; custom_padding=&#8221;|||&#8221; custom_padding__hover=&#8221;|||&#8221;][et_pb_image src=&#8221;https:\/\/wl.com.br\/site\/wp-content\/uploads\/2018\/04\/logo_negativo-1.png&#8221; align_tablet=&#8221;center&#8221; align_last_edited=&#8221;on|desktop&#8221; _builder_version=&#8221;4.4.8&#8243; hover_enabled=&#8221;0&#8243; title_text=&#8221;logo_negativo&#8221;][\/et_pb_image][\/et_pb_column][\/et_pb_row][\/et_pb_section]<\/p>\n","protected":false},"excerpt":{"rendered":"<p>Solu\u00e7\u00f5es Corporativas. Sites e sistemas para Web e Mobile Cria\u00e7\u00e3o de fant\u00e1sticas ferramentas de produtividade para o dia a dia da sua empresa.Servi\u00e7osCria\u00e7\u00e3o de interfaces belas\u00a0e eficientes, para seu sistema\u00a0e portalCria\u00e7\u00e3o de ferramentas de\u00a0produtividade para sua\u00a0empresa e seus clientesSe n\u00e3o est\u00e1 no Google\u00a0voc\u00ea n\u00e3o existe.\u00a0Portais acess\u00edveis para os\u00a0mecanismos de buscaCria\u00e7\u00e3o de interfaces belas\u00a0e eficientes, para [&hellip;]<\/p>\n","protected":false},"author":1,"featured_media":0,"parent":0,"menu_order":0,"comment_status":"closed","ping_status":"open","template":"","meta":{"_et_pb_use_builder":"on","_et_pb_old_content":"<p>This is an example page. It's different from a blog post because it will stay in one place and will show up in your site navigation (in most themes). Most people start with an About page that introduces them to potential site visitors. It might say something like this:<\/p><blockquote><p>Hi there! I'm a bike messenger by day, aspiring actor by night, and this is my website. I live in Los Angeles, have a great dog named Jack, and I like pi\u00f1a coladas. (And gettin' caught in the rain.)<\/p><\/blockquote><p>...or something like this:<\/p><blockquote><p>The XYZ Doohickey Company was founded in 1971, and has been providing quality doohickeys to the public ever since. Located in Gotham City, XYZ employs over 2,000 people and does all kinds of awesome things for the Gotham community.<\/p><\/blockquote><p>As a new WordPress user, you should go to <a href=\"http:\/\/wl.com.br\/site\/wp-admin\/\">your dashboard<\/a> to delete this page and create new pages for your content. Have fun!<\/p>","_et_gb_content_width":"","footnotes":""},"_links":{"self":[{"href":"https:\/\/wl.com.br\/site\/wp-json\/wp\/v2\/pages\/70"}],"collection":[{"href":"https:\/\/wl.com.br\/site\/wp-json\/wp\/v2\/pages"}],"about":[{"href":"https:\/\/wl.com.br\/site\/wp-json\/wp\/v2\/types\/page"}],"author":[{"embeddable":true,"href":"https:\/\/wl.com.br\/site\/wp-json\/wp\/v2\/users\/1"}],"replies":[{"embeddable":true,"href":"https:\/\/wl.com.br\/site\/wp-json\/wp\/v2\/comments?post=70"}],"version-history":[{"count":1,"href":"https:\/\/wl.com.br\/site\/wp-json\/wp\/v2\/pages\/70\/revisions"}],"predecessor-version":[{"id":83,"href":"https:\/\/wl.com.br\/site\/wp-json\/wp\/v2\/pages\/70\/revisions\/83"}],"wp:attachment":[{"href":"https:\/\/wl.com.br\/site\/wp-json\/wp\/v2\/media?parent=70"}],"curies":[{"name":"wp","href":"https:\/\/api.w.org\/{rel}","templated":true}]}}